{"id":22,"date":"2024-01-11T09:39:11","date_gmt":"2024-01-11T08:39:11","guid":{"rendered":"https:\/\/portfoliolaurinefernandez.com\/?page_id=22"},"modified":"2024-02-21T11:10:14","modified_gmt":"2024-02-21T10:10:14","slug":"mes-projets","status":"publish","type":"page","link":"https:\/\/portfoliolaurinefernandez.com\/index.php\/mes-projets\/","title":{"rendered":"Mes projets"},"content":{"rendered":"\t\t<div data-elementor-type=\"wp-page\" data-elementor-id=\"22\" class=\"elementor elementor-22\">\n\t\t\t\t\t\t\t\t\t<section class=\"elementor-section elementor-top-section elementor-element elementor-element-4697c7f elementor-section-boxed elementor-section-height-default elementor-section-height-default\" data-id=\"4697c7f\" data-element_type=\"section\">\n\t\t\t\t\t\t<div class=\"elementor-container elementor-column-gap-default\">\n\t\t\t\t\t<div class=\"elementor-column elementor-col-100 elementor-top-column elementor-element elementor-element-03dd003\" data-id=\"03dd003\" data-element_type=\"column\">\n\t\t\t<div class=\"elementor-widget-wrap elementor-element-populated\">\n\t\t\t\t\t\t\t\t<div class=\"elementor-element elementor-element-15fc187 elementor-widget elementor-widget-text-editor\" data-id=\"15fc187\" data-element_type=\"widget\" data-widget_type=\"text-editor.default\">\n\t\t\t\t<div class=\"elementor-widget-container\">\n\t\t\t<style>\/*! elementor - v3.10.0 - 09-01-2023 *\/\n.elementor-widget-text-editor.elementor-drop-cap-view-stacked .elementor-drop-cap{background-color:#818a91;color:#fff}.elementor-widget-text-editor.elementor-drop-cap-view-framed .elementor-drop-cap{color:#818a91;border:3px solid;background-color:transparent}.elementor-widget-text-editor:not(.elementor-drop-cap-view-default) .elementor-drop-cap{margin-top:8px}.elementor-widget-text-editor:not(.elementor-drop-cap-view-default) .elementor-drop-cap-letter{width:1em;height:1em}.elementor-widget-text-editor .elementor-drop-cap{float:left;text-align:center;line-height:1;font-size:50px}.elementor-widget-text-editor .elementor-drop-cap-letter{display:inline-block}<\/style>\t\t\t\t<p>Mon portfolio t\u00e9moigne de mon expertise dans la communication \u00e0 travers une vari\u00e9t\u00e9 de projets, chacun portant la marque distinctive de ma cr\u00e9ativit\u00e9. Qu&rsquo;il s&rsquo;agisse de collaborations enrichissantes au sein de projets scolaires d&rsquo;envergure ou d&rsquo;initiatives personnelles con\u00e7ues pour des petites entreprises, chaque r\u00e9alisation raconte une histoire unique. Les projets en groupe, forg\u00e9s au sein de mon parcours \u00e9ducatif, refl\u00e8tent ma capacit\u00e9 \u00e0 travailler harmonieusement au sein d&rsquo;\u00e9quipes, tandis que mes projets individuels d\u00e9montrent ma passion et mon d\u00e9vouement envers la communication visuelle, sp\u00e9cialement adapt\u00e9e aux besoins et \u00e0 la personnalit\u00e9 des petites entreprises. Chaque cr\u00e9ation incarne mon engagement \u00e0 produire un travail de qualit\u00e9 et \u00e0 r\u00e9pondre de mani\u00e8re dynamique aux d\u00e9fis de communication, quelle que soit l&rsquo;\u00e9chelle du projet.<\/p><p>\u00a0<\/p><p>De plus vous pouvez retrouvez l&rsquo;ensemble des projets pr\u00e9sent\u00e9s (avec dossier et pr\u00e9sentation pour ceux de l&rsquo;\u00e9cole) dans ce drive d\u00e9di\u00e9 a cet effet : <a href=\"https:\/\/drive.google.com\/drive\/folders\/12-TTeDWA0n5nPwKCWlV8E1uWnO8D01uX\">https:\/\/drive.google.com\/drive\/folders\/12-TTeDWA0n5nPwKCWlV8E1uWnO8D01uX<\/a><\/p>\t\t\t\t\t\t<\/div>\n\t\t\t\t<\/div>\n\t\t\t\t\t<\/div>\n\t\t<\/div>\n\t\t\t\t\t\t\t<\/div>\n\t\t<\/section>\n\t\t\t\t\t\t\t<\/div>\n\t\t","protected":false},"excerpt":{"rendered":"<p>Mon portfolio t\u00e9moigne de mon expertise dans la communication \u00e0 travers une vari\u00e9t\u00e9 de projets, chacun portant la marque distinctive de ma cr\u00e9ativit\u00e9. Qu&rsquo;il s&rsquo;agisse de collaborations enrichissantes au sein de projets scolaires d&rsquo;envergure ou d&rsquo;initiatives personnelles con\u00e7ues pour des petites entreprises, chaque r\u00e9alisation raconte une histoire unique. Les projets en groupe, forg\u00e9s au sein [&hellip;]<\/p>\n","protected":false},"author":1,"featured_media":0,"parent":0,"menu_order":0,"comment_status":"closed","ping_status":"closed","template":"","meta":{"footnotes":""},"_links":{"self":[{"href":"https:\/\/portfoliolaurinefernandez.com\/index.php\/wp-json\/wp\/v2\/pages\/22"}],"collection":[{"href":"https:\/\/portfoliolaurinefernandez.com\/index.php\/wp-json\/wp\/v2\/pages"}],"about":[{"href":"https:\/\/portfoliolaurinefernandez.com\/index.php\/wp-json\/wp\/v2\/types\/page"}],"author":[{"embeddable":true,"href":"https:\/\/portfoliolaurinefernandez.com\/index.php\/wp-json\/wp\/v2\/users\/1"}],"replies":[{"embeddable":true,"href":"https:\/\/portfoliolaurinefernandez.com\/index.php\/wp-json\/wp\/v2\/comments?post=22"}],"version-history":[{"count":8,"href":"https:\/\/portfoliolaurinefernandez.com\/index.php\/wp-json\/wp\/v2\/pages\/22\/revisions"}],"predecessor-version":[{"id":118,"href":"https:\/\/portfoliolaurinefernandez.com\/index.php\/wp-json\/wp\/v2\/pages\/22\/revisions\/118"}],"wp:attachment":[{"href":"https:\/\/portfoliolaurinefernandez.com\/index.php\/wp-json\/wp\/v2\/media?parent=22"}],"curies":[{"name":"wp","href":"https:\/\/api.w.org\/{rel}","templated":true}]}}